{"id":1195,"date":"2025-02-19T13:05:33","date_gmt":"2025-02-19T13:05:33","guid":{"rendered":"https:\/\/ranchocoronaaz.com\/about-us\/"},"modified":"2025-04-23T05:30:55","modified_gmt":"2025-04-23T12:30:55","slug":"about-us","status":"publish","type":"page","link":"https:\/\/ranchocoronaaz.com\/es\/about-us\/","title":{"rendered":"Nosotros"},"content":{"rendered":"<div data-aos= \"fade-down\" data-aos-duration=\"400\" data-aos-delay=\"0\" data-aos-easing=\"ease\" data-aos-once=\"true\" class=\"wp-block-uagb-container uagb-block-77ef3999 alignfull uagb-is-root-container\"><div class=\"uagb-container-inner-blocks-wrap\">\n<div data-aos= \"slide-left\" data-aos-duration=\"400\" data-aos-delay=\"0\" data-aos-easing=\"ease\" data-aos-once=\"true\" class=\"wp-block-uagb-advanced-heading uagb-block-a0dfcabf\"><h2 class=\"uagb-heading-text\">QUIENES SOMOS<\/h2><\/div>\n\n\n\n<figure class=\"wp-block-video\"><video autoplay controls loop muted src=\"https:\/\/ranchocoronaaz.com\/wp-content\/uploads\/2025\/03\/DJI_20240817232432_0419_D.mp4\" playsinline><\/video><\/figure>\n<\/div><\/div>\n\n\n\n<div class=\"wp-block-uagb-container uagb-block-6b97439c alignfull uagb-is-root-container\"><div class=\"uagb-container-inner-blocks-wrap\">\n<div data-aos= \"slide-up\" data-aos-duration=\"400\" data-aos-delay=\"0\" data-aos-easing=\"ease\" data-aos-once=\"true\" class=\"wp-block-uagb-advanced-heading uagb-block-93a9a65d\"><h2 class=\"uagb-heading-text\">EXPLORA HISTORIAS<\/h2><\/div>\n<\/div><\/div>\n\n\n\n<div class=\"wp-block-uagb-container uagb-layout-grid uagb-block-a21e7343 alignfull uagb-is-root-container\"><div class=\"uagb-container-inner-blocks-wrap\">\n<div data-aos= \"slide-up\" data-aos-duration=\"1050\" data-aos-delay=\"250\" data-aos-easing=\"ease\" data-aos-once=\"true\" class=\"wp-block-uagb-container uagb-block-bf6a7a47\">\n<div class=\"wp-block-uagb-advanced-heading uagb-block-401f5a88\"><h5 class=\"uagb-heading-text\">Ubicacion 1<\/h5><p class=\"uagb-desc-text\"><a title=\"\" href=\"https:\/\/ranchocoronaaz.com\/es\/contact\/\">BODAS<\/a><\/p><\/div>\n<\/div>\n\n\n\n<div data-aos= \"slide-up\" data-aos-duration=\"1100\" data-aos-delay=\"700\" data-aos-easing=\"ease\" data-aos-once=\"true\" class=\"wp-block-uagb-container uagb-block-f5d99c15\">\n<div class=\"wp-block-uagb-advanced-heading uagb-block-eac55b73\"><h4 class=\"uagb-heading-text\">Ubicacion 3<\/h4><p class=\"uagb-desc-text\"><a title=\"\" href=\"https:\/\/ranchocoronaaz.com\/es\/contact\/\">MISCELANEOS<\/a><\/p><\/div>\n<\/div>\n\n\n\n<div data-aos= \"slide-up\" data-aos-duration=\"1050\" data-aos-delay=\"450\" data-aos-easing=\"ease\" data-aos-once=\"true\" class=\"wp-block-uagb-container uagb-block-f053c8e9\">\n<div class=\"wp-block-uagb-advanced-heading uagb-block-5e32f5cc\"><h5 class=\"uagb-heading-text\">Ubicacion 2<\/h5><p class=\"uagb-desc-text\"><a href=\"https:\/\/ranchocoronaaz.com\/es\/contact\/\" title=\"\">QUINCEA\u00d1ERAS<\/a><\/p><\/div>\n<\/div>\n\n\n\n<div data-aos= \"slide-up\" data-aos-duration=\"1100\" data-aos-delay=\"900\" data-aos-easing=\"ease\" data-aos-once=\"true\" class=\"wp-block-uagb-container uagb-block-d71fe866\">\n<div class=\"wp-block-uagb-advanced-heading uagb-block-316c575b\"><h4 class=\"uagb-heading-text\">Ubicacion 4<\/h4><p class=\"uagb-desc-text\"><a href=\"https:\/\/ranchocoronaaz.com\/es\/contact\/\" title=\"\">RODEO<\/a><\/p><\/div>\n<\/div>\n\n\n\n<div data-aos= \"slide-up\" data-aos-duration=\"1050\" data-aos-delay=\"1000\" data-aos-easing=\"ease\" data-aos-once=\"true\" class=\"wp-block-uagb-container uagb-block-d3443137\">\n<div class=\"wp-block-uagb-advanced-heading uagb-block-40513eea\"><h5 class=\"uagb-heading-text\">Ubicacion 5<\/h5><p class=\"uagb-desc-text\"><a href=\"https:\/\/ranchocoronaaz.com\/es\/contact\/\" title=\"\">JARIPEO<\/a><\/p><\/div>\n<\/div>\n\n\n\n<div data-aos= \"slide-up\" data-aos-duration=\"1100\" data-aos-delay=\"1200\" data-aos-easing=\"ease\" data-aos-once=\"true\" class=\"wp-block-uagb-container uagb-block-e2ca5539\">\n<div class=\"wp-block-uagb-advanced-heading uagb-block-dd6166ac\"><h5 class=\"uagb-heading-text\">Ubicacion 6<\/h5><p class=\"uagb-desc-text\"><a title=\"\" href=\"https:\/\/ranchocoronaaz.com\/es\/contact\/\">CENTRO DE<\/a><\/p><\/div>\n<\/div>\n<\/div><\/div>\n\n\n\n<div class=\"wp-block-uagb-container uagb-block-2a4f06fe alignfull uagb-is-root-container\"><div class=\"uagb-container-inner-blocks-wrap\">\n<div data-aos= \"slide-left\" data-aos-duration=\"850\" data-aos-delay=\"0\" data-aos-easing=\"ease\" data-aos-once=\"true\" class=\"wp-block-uagb-advanced-heading uagb-block-196d295c\"><h2 class=\"uagb-heading-text\">NUESTRA HISTORIA<\/h2><\/div>\n\n\n\n<div class=\"wp-block-uagb-container uagb-layout-grid uagb-block-ee6201f3\">\n<div data-aos= \"zoom-in-left\" data-aos-duration=\"1800\" data-aos-delay=\"0\" data-aos-easing=\"ease\" data-aos-once=\"true\" class=\"wp-block-uagb-info-box uagb-block-22d52622 uagb-infobox__content-wrap  uagb-infobox-icon-above-title uagb-infobox-image-valign-top\"><div class=\"uagb-ifb-content\"><div class=\"uagb-ifb-title-wrap\"><span class=\"uagb-ifb-title-prefix\">01.<\/span><h5 class=\"uagb-ifb-title\">Rancho Corona fue fundad en<\/h5><\/div><p class=\"uagb-ifb-desc\">Septiembre de 1976, la familia Corona fund\u00f3 el rancho. El rancho cuenta con un total de 16,000 pies cuadrados de patio, adem\u00e1s de 3,000 pies cuadrados de cocina, un segundo patio, bares y un amplio estacionamiento.<\/p><\/div><\/div>\n\n\n\n<div data-aos= \"zoom-in-left\" data-aos-duration=\"1850\" data-aos-delay=\"650\" data-aos-easing=\"ease\" data-aos-once=\"true\" class=\"wp-block-uagb-info-box uagb-block-d46de7b0 uagb-infobox__content-wrap  uagb-infobox-icon-above-title uagb-infobox-image-valign-top\"><div class=\"uagb-ifb-content\"><div class=\"uagb-ifb-title-wrap\"><span class=\"uagb-ifb-title-prefix\">02.<\/span><h5 class=\"uagb-ifb-title\">Rancho Corona es el lugar <\/h5><\/div><p class=\"uagb-ifb-desc\">ideal para clientes que deseen celebrar su boda, quincea\u00f1era o cualquier evento, con un espacio perfecto para recibir a cientos de invitados y ofrecer esa experiencia r\u00fastica de rancho en todo momento.<\/p><\/div><\/div>\n\n\n\n<div data-aos= \"zoom-in-left\" data-aos-duration=\"1850\" data-aos-delay=\"1100\" data-aos-easing=\"ease\" data-aos-once=\"true\" class=\"wp-block-uagb-info-box uagb-block-97e9e08d uagb-infobox__content-wrap  uagb-infobox-icon-above-title uagb-infobox-image-valign-top\"><div class=\"uagb-ifb-content\"><div class=\"uagb-ifb-title-wrap\"><span class=\"uagb-ifb-title-prefix\">03.<\/span><h5 class=\"uagb-ifb-title\">Rancho Corona tambien es<\/h5><\/div><p class=\"uagb-ifb-desc\">el lugar favorito en Phoenix para eventos comunitarios, festivales de food trucks y para que bandas y artistas locales realicen sus shows. \u00a1Tambi\u00e9n ha sido el lugar principal para que la gente venga a ver a grandes estrellas como Vicente Fern\u00e1ndez, Joan Sebasti\u00e1n y muchos m\u00e1s!<\/p><\/div><\/div>\n\n\n\n<div data-aos= \"zoom-in-left\" data-aos-duration=\"1850\" data-aos-delay=\"1400\" data-aos-easing=\"ease\" data-aos-once=\"true\" class=\"wp-block-uagb-info-box uagb-block-802bb801 uagb-infobox__content-wrap  uagb-infobox-icon-above-title uagb-infobox-image-valign-top\"><div class=\"uagb-ifb-content\"><div class=\"uagb-ifb-title-wrap\"><span class=\"uagb-ifb-title-prefix\">04.<\/span><h5 class=\"uagb-ifb-title\">Siempre proveemos la mejor<\/h5><\/div><p class=\"uagb-ifb-desc\">experiencia de lugar \u00fanica a nuestros clientes, con una propiedad limpia y espaciosa, servicio de catering de alta calidad, atenci\u00f3n al detalle en todas las decoraciones y todo lo que tu evento necesite.<\/p><\/div><\/div>\n<\/div>\n<\/div><\/div>\n\n\n\n<div class=\"wp-block-uagb-container uagb-block-d389ae60 alignfull uagb-is-root-container\"><div class=\"uagb-container-inner-blocks-wrap\">\n<div data-aos= \"slide-left\" data-aos-duration=\"850\" data-aos-delay=\"0\" data-aos-easing=\"ease\" data-aos-once=\"true\" class=\"wp-block-uagb-advanced-heading uagb-block-50e563bf\"><h2 class=\"uagb-heading-text\">Forma parte de la historia de  #RANCHOCORONA<\/h2><\/div>\n\n\n\n<div class=\"wp-block-uagb-container uagb-block-d8b8b902\">\n<div class=\"wp-block-uagb-info-box uagb-block-385c813a uagb-infobox__content-wrap  uagb-infobox-icon-above-title uagb-infobox-image-valign-top wp-block-uagb-info-box--has-margin\"><div class=\"uagb-infobox-margin-wrapper\"><div class=\"uagb-ifb-content\"><div class=\"uagb-ifb-icon-wrap\"><div class=\"uagb-iconbox-icon-wrap uagb-infobox-shape-circle\"><svg xmlns=\"https:\/\/www.w3.org\/2000\/svg\" viewbox=\"0 0 384 512\"><path d=\"M361 215C375.3 223.8 384 239.3 384 256C384 272.7 375.3 288.2 361 296.1L73.03 472.1C58.21 482 39.66 482.4 24.52 473.9C9.377 465.4 0 449.4 0 432V80C0 62.64 9.377 46.63 24.52 38.13C39.66 29.64 58.21 29.99 73.03 39.04L361 215z\"><\/path><\/svg><\/div><\/div><div class=\"uagb-ifb-title-wrap\"><h4 class=\"uagb-ifb-title\">Ver video completo<\/h4><\/div><\/div><\/div><\/div>\n<\/div>\n\n\n\n<div class=\"wp-block-uagb-call-to-action uagb-block-2de0add8 wp-block-button\"><div class=\"uagb-cta__wrap\"><h4 class=\"uagb-cta__title\">Contactanos y haz tu evento unico<\/h4><p class=\"uagb-cta__desc\">\u00bfTienes preguntas o necesitas m\u00e1s informaci\u00f3n sobre nuestros servicios? Estamos aqu\u00ed para ayudarte.<\/p><\/div><div class=\"uagb-cta__buttons\"><a href=\"https:\/\/ranchocoronaaz.com\/es\/contact\/\" class=\"uagb-cta__button-link-wrapper wp-block-button__link\" target=\"_self\" rel=\"noopener noreferrer\">Escribenos<\/a><\/div><\/div>\n<\/div><\/div>\n\n\n\n<div data-aos= \"fade-up\" data-aos-duration=\"1300\" data-aos-delay=\"0\" data-aos-easing=\"ease\" data-aos-once=\"true\" class=\"wp-block-uagb-container uagb-block-18f0201e alignfull uagb-is-root-container\"><div class=\"uagb-container-inner-blocks-wrap\">\n<div class=\"wp-block-uagb-info-box uagb-block-5dd33463 uagb-infobox__content-wrap  uagb-infobox-icon-above-title uagb-infobox-image-valign-top\"><div class=\"uagb-ifb-content\"><div class=\"uagb-ifb-title-wrap\"><h4 class=\"uagb-ifb-title-prefix\">Rancho Corona es el lugar perfecto para tus<\/h4><h2 class=\"uagb-ifb-title\">Bodas, quincea\u00f1era o cualquier evento<\/h2><\/div><p class=\"uagb-ifb-desc\">Con un gran espacio para recibir a cientos de invitados y ofrecer una experiencia r\u00fastica de rancho en todo momento.<\/p><div class=\"uagb-ifb-button-wrapper wp-block-button\"><a href=\"https:\/\/ranchocoronaaz.com\/es\/contact\/\" class=\"uagb-infobox-cta-link wp-block-button__link\" target=\"_self\" rel=\"noopener noreferrer\" onclick=\"return true;\"><span class=\"uagb-inline-editing\">Ve al Inicio<\/span><\/a><\/div><\/div><\/div>\n<\/div><\/div>","protected":false},"excerpt":{"rendered":"<p>Who We Are Explore The Stories LOCATION 1 WEDDINGS LOCATION 3 MISCELLANEOUS LOCATION 2 QUINCEA\u00d1ERAS LOCATION 4 RODEO LOCATION 5 JARIPEO LOCATION 6 EVENTS Our HISTORY Join #RANCHOCORONA HISTORY<\/p>","protected":false},"author":1,"featured_media":0,"parent":0,"menu_order":0,"comment_status":"closed","ping_status":"closed","template":"","meta":{"_uag_custom_page_level_css":"","_monsterinsights_skip_tracking":false,"_monsterinsights_sitenote_active":false,"_monsterinsights_sitenote_note":"","_monsterinsights_sitenote_category":0,"site-sidebar-layout":"no-sidebar","site-content-layout":"plain-container","ast-site-content-layout":"normal-width-container","site-content-style":"unboxed","site-sidebar-style":"unboxed","ast-global-header-display":"","ast-banner-title-visibility":"","ast-main-header-display":"","ast-hfb-above-header-display":"","ast-hfb-below-header-display":"","ast-hfb-mobile-header-display":"","site-post-title":"disabled","ast-breadcrumbs-content":"","ast-featured-img":"disabled","footer-sml-layout":"","theme-transparent-header-meta":"enabled","adv-header-id-meta":"","stick-header-meta":"","header-above-stick-meta":"","header-main-stick-meta":"","header-below-stick-meta":"","astra-migrate-meta-layouts":"set","ast-page-background-enabled":"default","ast-page-background-meta":{"desktop":{"background-color":"","background-image":"","background-repeat":"repeat","background-position":"center center","background-size":"auto","background-attachment":"scroll","background-type":"","background-media":"","overlay-type":"","overlay-color":"","overlay-opacity":"","overlay-gradient":""},"tablet":{"background-color":"","background-image":"","background-repeat":"repeat","background-position":"center center","background-size":"auto","background-attachment":"scroll","background-type":"","background-media":"","overlay-type":"","overlay-color":"","overlay-opacity":"","overlay-gradient":""},"mobile":{"background-color":"","background-image":"","background-repeat":"repeat","background-position":"center center","background-size":"auto","background-attachment":"scroll","background-type":"","background-media":"","overlay-type":"","overlay-color":"","overlay-opacity":"","overlay-gradient":""}},"ast-content-background-meta":{"desktop":{"background-color":"var(--ast-global-color-5)","background-image":"","background-repeat":"repeat","background-position":"center center","background-size":"auto","background-attachment":"scroll","background-type":"","background-media":"","overlay-type":"","overlay-color":"","overlay-opacity":"","overlay-gradient":""},"tablet":{"background-color":"var(--ast-global-color-5)","background-image":"","background-repeat":"repeat","background-position":"center center","background-size":"auto","background-attachment":"scroll","background-type":"","background-media":"","overlay-type":"","overlay-color":"","overlay-opacity":"","overlay-gradient":""},"mobile":{"background-color":"var(--ast-global-color-5)","background-image":"","background-repeat":"repeat","background-position":"center center","background-size":"auto","background-attachment":"scroll","background-type":"","background-media":"","overlay-type":"","overlay-color":"","overlay-opacity":"","overlay-gradient":""}},"_price":"","_stock":"","_tribe_ticket_header":"","_tribe_default_ticket_provider":"","_tribe_ticket_capacity":"0","_ticket_start_date":"","_ticket_end_date":"","_tribe_ticket_show_description":"","_tribe_ticket_show_not_going":false,"_tribe_ticket_use_global_stock":"","_tribe_ticket_global_stock_level":"","_global_stock_mode":"","_global_stock_cap":"","_tribe_rsvp_for_event":"","_tribe_ticket_going_count":"","_tribe_ticket_not_going_count":"","_tribe_tickets_list":"[]","_tribe_ticket_has_attendee_info_fields":false,"footnotes":"","_tec_slr_enabled":"","_tec_slr_layout":""},"class_list":["post-1195","page","type-page","status-publish","hentry"],"spectra_custom_meta":{"site-sidebar-layout":["no-sidebar"],"site-content-layout":["plain-container"],"site-post-title":["disabled"],"ast-featured-img":["disabled"],"theme-transparent-header-meta":["enabled"],"_yoast_wpseo_estimated-reading-time-minutes":["1"],"astra-main-page-id":["59170"],"ast_self_id_59170":["1"],"_yoast_wpseo_content_score":["90"],"ast-site-content-layout":["normal-width-container"],"site-content-style":["unboxed"],"site-sidebar-style":["unboxed"],"astra-migrate-meta-layouts":["set"],"_wxr_import_user_slug":["sonalib"],"_astra_sites_imported_post":["1"],"_astra_sites_enable_for_batch":["1"],"_edit_lock":["1745411462:2"],"_edit_last":["2"],"_aioseo_title":[null],"_aioseo_description":[null],"_aioseo_keywords":["a:0:{}"],"_aioseo_og_title":[null],"_aioseo_og_description":[null],"_aioseo_og_article_section":[""],"_aioseo_og_article_tags":["a:0:{}"],"_aioseo_twitter_title":[null],"_aioseo_twitter_description":[null],"_tribe_ticket_capacity":["0"],"_tribe_ticket_version":["5.20.0"],"astra_style_timestamp_css":["1746295153"],"_tribe_hide_attendees_list":["0"],"_uagb_previous_block_counts":["a:90:{s:21:\"uagb\/advanced-heading\";i:10;s:15:\"uagb\/blockquote\";i:0;s:12:\"uagb\/buttons\";i:0;s:18:\"uagb\/buttons-child\";i:0;s:19:\"uagb\/call-to-action\";i:1;s:15:\"uagb\/cf7-styler\";i:0;s:11:\"uagb\/column\";i:0;s:12:\"uagb\/columns\";i:0;s:14:\"uagb\/container\";i:14;s:21:\"uagb\/content-timeline\";i:0;s:27:\"uagb\/content-timeline-child\";i:0;s:14:\"uagb\/countdown\";i:0;s:12:\"uagb\/counter\";i:0;s:8:\"uagb\/faq\";i:0;s:14:\"uagb\/faq-child\";i:0;s:10:\"uagb\/forms\";i:0;s:17:\"uagb\/forms-accept\";i:0;s:19:\"uagb\/forms-checkbox\";i:0;s:15:\"uagb\/forms-date\";i:0;s:16:\"uagb\/forms-email\";i:0;s:17:\"uagb\/forms-hidden\";i:0;s:15:\"uagb\/forms-name\";i:0;s:16:\"uagb\/forms-phone\";i:0;s:16:\"uagb\/forms-radio\";i:0;s:17:\"uagb\/forms-select\";i:0;s:19:\"uagb\/forms-textarea\";i:0;s:17:\"uagb\/forms-toggle\";i:0;s:14:\"uagb\/forms-url\";i:0;s:14:\"uagb\/gf-styler\";i:0;s:15:\"uagb\/google-map\";i:0;s:11:\"uagb\/how-to\";i:0;s:16:\"uagb\/how-to-step\";i:0;s:9:\"uagb\/icon\";i:0;s:14:\"uagb\/icon-list\";i:0;s:20:\"uagb\/icon-list-child\";i:0;s:10:\"uagb\/image\";i:0;s:18:\"uagb\/image-gallery\";i:0;s:13:\"uagb\/info-box\";i:6;s:18:\"uagb\/inline-notice\";i:0;s:11:\"uagb\/lottie\";i:0;s:21:\"uagb\/marketing-button\";i:0;s:10:\"uagb\/modal\";i:0;s:18:\"uagb\/popup-builder\";i:0;s:16:\"uagb\/post-button\";i:0;s:18:\"uagb\/post-carousel\";i:0;s:17:\"uagb\/post-excerpt\";i:0;s:14:\"uagb\/post-grid\";i:0;s:15:\"uagb\/post-image\";i:0;s:17:\"uagb\/post-masonry\";i:0;s:14:\"uagb\/post-meta\";i:0;s:18:\"uagb\/post-taxonomy\";i:0;s:18:\"uagb\/post-timeline\";i:0;s:15:\"uagb\/post-title\";i:0;s:20:\"uagb\/restaurant-menu\";i:0;s:26:\"uagb\/restaurant-menu-child\";i:0;s:11:\"uagb\/review\";i:0;s:12:\"uagb\/section\";i:0;s:14:\"uagb\/separator\";i:0;s:11:\"uagb\/slider\";i:0;s:17:\"uagb\/slider-child\";i:0;s:17:\"uagb\/social-share\";i:0;s:23:\"uagb\/social-share-child\";i:0;s:16:\"uagb\/star-rating\";i:0;s:23:\"uagb\/sure-cart-checkout\";i:0;s:22:\"uagb\/sure-cart-product\";i:0;s:15:\"uagb\/sure-forms\";i:0;s:22:\"uagb\/table-of-contents\";i:0;s:9:\"uagb\/tabs\";i:0;s:15:\"uagb\/tabs-child\";i:0;s:18:\"uagb\/taxonomy-list\";i:0;s:9:\"uagb\/team\";i:0;s:16:\"uagb\/testimonial\";i:0;s:14:\"uagb\/wp-search\";i:0;s:19:\"uagb\/instagram-feed\";i:0;s:10:\"uagb\/login\";i:0;s:17:\"uagb\/loop-builder\";i:0;s:18:\"uagb\/loop-category\";i:0;s:20:\"uagb\/loop-pagination\";i:0;s:15:\"uagb\/loop-reset\";i:0;s:16:\"uagb\/loop-search\";i:0;s:14:\"uagb\/loop-sort\";i:0;s:17:\"uagb\/loop-wrapper\";i:0;s:13:\"uagb\/register\";i:0;s:19:\"uagb\/register-email\";i:0;s:24:\"uagb\/register-first-name\";i:0;s:23:\"uagb\/register-last-name\";i:0;s:22:\"uagb\/register-password\";i:0;s:30:\"uagb\/register-reenter-password\";i:0;s:19:\"uagb\/register-terms\";i:0;s:22:\"uagb\/register-username\";i:0;}"]},"uagb_featured_image_src":{"full":false,"thumbnail":false,"medium":false,"medium_large":false,"large":false,"1536x1536":false,"2048x2048":false,"trp-custom-language-flag":false,"woocommerce_thumbnail":false,"woocommerce_single":false,"woocommerce_gallery_thumbnail":false},"uagb_author_info":{"display_name":"manuel quero","author_link":"https:\/\/ranchocoronaaz.com\/es\/author\/optimarketingsolucionsllcgmail-com\/"},"uagb_comment_info":0,"uagb_excerpt":"Who We Are Explore The Stories LOCATION 1 WEDDINGS LOCATION 3 MISCELLANEOUS LOCATION 2 QUINCEA\u00d1ERAS LOCATION 4 RODEO LOCATION 5 JARIPEO LOCATION 6 EVENTS Our HISTORY Join #RANCHOCORONA HISTORY","ticketed":false,"_links":{"self":[{"href":"https:\/\/ranchocoronaaz.com\/es\/wp-json\/wp\/v2\/pages\/1195","targetHints":{"allow":["GET"]}}],"collection":[{"href":"https:\/\/ranchocoronaaz.com\/es\/wp-json\/wp\/v2\/pages"}],"about":[{"href":"https:\/\/ranchocoronaaz.com\/es\/wp-json\/wp\/v2\/types\/page"}],"author":[{"embeddable":true,"href":"https:\/\/ranchocoronaaz.com\/es\/wp-json\/wp\/v2\/users\/1"}],"replies":[{"embeddable":true,"href":"https:\/\/ranchocoronaaz.com\/es\/wp-json\/wp\/v2\/comments?post=1195"}],"version-history":[{"count":1,"href":"https:\/\/ranchocoronaaz.com\/es\/wp-json\/wp\/v2\/pages\/1195\/revisions"}],"predecessor-version":[{"id":3283,"href":"https:\/\/ranchocoronaaz.com\/es\/wp-json\/wp\/v2\/pages\/1195\/revisions\/3283"}],"wp:attachment":[{"href":"https:\/\/ranchocoronaaz.com\/es\/wp-json\/wp\/v2\/media?parent=1195"}],"curies":[{"name":"wp","href":"https:\/\/api.w.org\/{rel}","templated":true}]}}